{"id":3,"date":"2025-10-20T08:16:25","date_gmt":"2025-10-20T08:16:25","guid":{"rendered":"http:\/\/chess.bonsaidev.nl\/?page_id=3"},"modified":"2025-11-17T19:06:39","modified_gmt":"2025-11-17T19:06:39","slug":"datenschutzerklarung","status":"publish","type":"page","link":"https:\/\/www.chesprotocol.com\/de\/privacybeleid\/","title":{"rendered":"Datenschutzerkl\u00e4rung"},"content":{"rendered":"<style type=\"text\/css\" data-created_by=\"avia_inline_auto\" id=\"style-css-av-mhvx07r5-ea10165c658550380b7d5cb0cd02a5d8\">\n#top .hr.hr-invisible.av-mhvx07r5-ea10165c658550380b7d5cb0cd02a5d8{\nheight:180px;\n}\n<\/style>\n<div  class='hr av-mhvx07r5-ea10165c658550380b7d5cb0cd02a5d8 hr-invisible  avia-builder-el-0  el_before_av_one_full  avia-builder-el-first'><span class='hr-inner'><span class=\"hr-inner-style\"><\/span><\/span><\/div>\n<div  class='flex_column av-55dp-32a6e854ab506cf0bc4a749c859fabcb av_one_full  avia-builder-el-1  el_after_av_hr  avia-builder-el-last  first flex_column_div'     ><section  class='av_textblock_section av-2ul5-dcf8735eb34b90e01e6e2edcadb60040'   itemscope=\"itemscope\" itemtype=\"https:\/\/schema.org\/CreativeWork\" ><div class='avia_textblock'  itemprop=\"text\" ><h1><strong>Datenschutzerkl\u00e4rung \u2013 CHES-Protokoll<\/strong><\/h1>\n<ol>\n<li><strong> Allgemeine Informationen<\/strong><br \/>\nDiese Datenschutzerkl\u00e4rung gilt f\u00fcr die unter dem Namen angebotenen Dienste. <strong>CHES-Protokoll<\/strong>, betrieben von <strong>PRFORM Management &amp; Coaching<\/strong>, ein bei der niederl\u00e4ndischen Handelskammer (KvK) registriertes Einzelunternehmen. In dieser Richtlinie beziehen sich \u201cwir\u201d, \u201cunser\u201d oder \u201cuns\u201d auf PRFORM Management &amp; Coaching.<\/li>\n<\/ol>\n<p>Wir verpflichten uns, Ihre personenbezogenen Daten zu sch\u00fctzen und sie auf rechtm\u00e4\u00dfige, faire und transparente Weise zu verarbeiten.<\/p>\n<ol start=\"2\">\n<li><strong> Daten, die wir sammeln<\/strong><br \/>\nWir k\u00f6nnen die folgenden Kategorien personenbezogener Daten erfassen:<\/li>\n<\/ol>\n<ul>\n<li><strong>Identifikationsdaten<\/strong>: Name, E-Mail-Adresse, Kontaktdaten.<\/li>\n<li><strong>Zahlungsdaten<\/strong>: Rechnungsdaten werden sicher verarbeitet \u00fcber <strong>Streifen<\/strong>.<\/li>\n<li><strong>Konto- und Nutzungsdaten<\/strong>: Abonnementtyp, Login-Aktivit\u00e4t, Pr\u00e4ferenzen und Interaktionen mit unserer Plattform.<\/li>\n<li><strong>Kommunikationsdaten<\/strong>: Nachrichten oder Anfragen, die Sie \u00fcber unser Kontaktformular oder per E-Mail senden.<\/li>\n<\/ul>\n<ol start=\"3\">\n<li><strong> Wie wir Ihre Daten verwenden<\/strong><br \/>\nWir verarbeiten Ihre Daten f\u00fcr folgende Zwecke:<\/li>\n<\/ol>\n<ul>\n<li>An <strong>bereitstellen und verwalten<\/strong> Ihr Abonnement und Ihr Zugang zu Schulungsprogrammen.<\/li>\n<li>An <strong>Zahlungen verarbeiten<\/strong> und die Abrechnung \u00fcber Stripe abzuwickeln.<\/li>\n<li>An <strong>kommunizieren<\/strong> mit Ihnen bez\u00fcglich Ihres Abonnements, Updates oder Supportanfragen.<\/li>\n<li>An <strong>unsere Dienstleistungen verbessern<\/strong> durch die Analyse anonymisierter oder aggregierter Nutzungsdaten.<\/li>\n<li>Zur Einhaltung von <strong>gesetzliche Verpflichtungen<\/strong>, einschlie\u00dflich steuerlicher und buchhalterischer Anforderungen.<\/li>\n<\/ul>\n<ol start=\"4\">\n<li><strong> Rechtsgrundlage f\u00fcr die Verarbeitung<\/strong><br \/>\nWir verarbeiten personenbezogene Daten nur, wenn eine der folgenden Rechtsgrundlagen zutrifft:<\/li>\n<\/ol>\n<ul>\n<li><strong>Vertragserf\u00fcllung<\/strong> (z. B. Bereitstellung Ihres Abonnements).<\/li>\n<li><strong>Gesetzliche Verpflichtungen<\/strong> (z. B. Buchhaltungsvorschriften).<\/li>\n<li><strong>Berechtigte Interessen<\/strong> (z. B. Verbesserung der Dienstleistungen, Verhinderung von Missbrauch).<\/li>\n<li><strong>Einwilligung<\/strong> (z. B. wenn Sie sich f\u00fcr einen Newsletter anmelden).<\/li>\n<\/ul>\n<ol start=\"5\">\n<li><strong> Weitergabe von Daten<\/strong><\/li>\n<\/ol>\n<ul>\n<li>Wir verkaufen oder vermieten keine personenbezogenen Daten an Dritte.<\/li>\n<li>Wir k\u00f6nnen Daten an vertrauensw\u00fcrdige Dienstleister weitergeben, die f\u00fcr die Erbringung unserer Dienstleistungen unbedingt erforderlich sind, darunter:\n<ul>\n<li><strong>Streifen<\/strong> (Zahlungsabwicklung).<\/li>\n<li>Hosting-Anbieter und technische Partner, die uns beim Betrieb unserer Plattform unterst\u00fctzen.<\/li>\n<\/ul>\n<\/li>\n<li>Wir stellen sicher, dass diese Parteien Daten in \u00dcbereinstimmung mit den geltenden Datenschutzgesetzen verarbeiten.<\/li>\n<\/ul>\n<ol start=\"6\">\n<li><strong> Datenaufbewahrung<\/strong><\/li>\n<\/ol>\n<ul>\n<li>Personenbezogene Daten werden nur so lange gespeichert, wie es f\u00fcr die oben genannten Zwecke erforderlich ist.<\/li>\n<li>Zahlungsbelege werden gem\u00e4\u00df den gesetzlichen Bestimmungen des niederl\u00e4ndischen Steuerrechts (in der Regel 7 Jahre) aufbewahrt.<\/li>\n<li>Wenn die Daten nicht mehr ben\u00f6tigt werden, werden sie gel\u00f6scht oder anonymisiert.<\/li>\n<\/ul>\n<ol start=\"7\">\n<li><strong> Internationale Daten\u00fcbermittlungen<\/strong><br \/>\nDa unsere Nutzer weltweit ans\u00e4ssig sein k\u00f6nnen, k\u00f6nnen Daten au\u00dferhalb der EU verarbeitet werden. In solchen F\u00e4llen stellen wir sicher, dass die \u00dcbermittlungen den geltenden Datenschutzbestimmungen entsprechen (z. B. EU-Standardvertragsklauseln).<\/li>\n<li><strong> Ihre Rechte<\/strong><br \/>\nAls Nutzer haben Sie gem\u00e4\u00df den geltenden Datenschutzgesetzen folgende Rechte:<\/li>\n<\/ol>\n<ul>\n<li><strong>Recht auf Zugang<\/strong> \u2013 eine Best\u00e4tigung und eine Kopie Ihrer personenbezogenen Daten erhalten.<\/li>\n<li><strong>Recht auf Berichtigung<\/strong> \u2013 die Berichtigung unrichtiger Daten verlangen.<\/li>\n<li><strong>Recht auf L\u00f6schung<\/strong> \u2013 die L\u00f6schung Ihrer Daten zu verlangen, vorbehaltlich gesetzlicher Aufbewahrungspflichten.<\/li>\n<li><strong>Recht auf Einschr\u00e4nkung<\/strong> \u2013 die Verarbeitung Ihrer Daten unter bestimmten Umst\u00e4nden einschr\u00e4nken.<\/li>\n<li><strong>Recht auf Daten\u00fcbertragbarkeit<\/strong> \u2013 die \u00dcbertragung Ihrer Daten an einen anderen Anbieter beantragen.<\/li>\n<li><strong>Widerspruchsrecht<\/strong> \u2013 Widerspruch gegen die Verarbeitung aufgrund berechtigter Interessen oder Direktmarketing einlegen.<\/li>\n<\/ul>\n<p>Anfragen k\u00f6nnen an die unten angegebenen Kontaktdaten gesendet werden. Wir behalten uns vor, vor der Bearbeitung von Anfragen einen Identit\u00e4tsnachweis zu verlangen.<\/p>\n<ol start=\"9\">\n<li><strong> Sicherheit<\/strong><br \/>\nWir ergreifen geeignete technische und organisatorische Ma\u00dfnahmen, um personenbezogene Daten vor unbefugtem Zugriff, Verlust, Missbrauch oder Ver\u00e4nderung zu sch\u00fctzen.<\/li>\n<li><strong> Aktualisierungen dieser Richtlinie<\/strong><br \/>\nWir k\u00f6nnen diese Datenschutzerkl\u00e4rung von Zeit zu Zeit aktualisieren. Die aktuellste Version wird immer auf unserer Website ver\u00f6ffentlicht. Wesentliche \u00c4nderungen werden den Abonnenten klar mitgeteilt.<\/li>\n<li><strong> Anwendbares Recht<\/strong><br \/>\nDiese Datenschutzerkl\u00e4rung unterliegt <strong>niederl\u00e4ndisches Recht<\/strong>. Alle Streitigkeiten werden einem zust\u00e4ndigen Gericht in den Niederlanden vorgelegt.<\/li>\n<li><strong> Kontakt<\/strong><br \/>\nBei Fragen zu dieser Datenschutzerkl\u00e4rung oder zur Aus\u00fcbung Ihrer Rechte wenden Sie sich bitte an:<br \/>\n<strong>PRFORM Management &amp; Coaching \u2013 CHES-Protokoll<\/strong><\/li>\n<\/ol>\n<\/div><\/section><\/div>","protected":false},"excerpt":{"rendered":"","protected":false},"author":1,"featured_media":0,"parent":0,"menu_order":0,"comment_status":"closed","ping_status":"open","template":"","meta":{"_monsterinsights_skip_tracking":false,"_monsterinsights_sitenote_active":false,"_monsterinsights_sitenote_note":"","_monsterinsights_sitenote_category":0,"footnotes":""},"class_list":["post-3","page","type-page","status-publish","hentry"],"_links":{"self":[{"href":"https:\/\/www.chesprotocol.com\/de\/wp-json\/wp\/v2\/pages\/3","targetHints":{"allow":["GET"]}}],"collection":[{"href":"https:\/\/www.chesprotocol.com\/de\/wp-json\/wp\/v2\/pages"}],"about":[{"href":"https:\/\/www.chesprotocol.com\/de\/wp-json\/wp\/v2\/types\/page"}],"author":[{"embeddable":true,"href":"https:\/\/www.chesprotocol.com\/de\/wp-json\/wp\/v2\/users\/1"}],"replies":[{"embeddable":true,"href":"https:\/\/www.chesprotocol.com\/de\/wp-json\/wp\/v2\/comments?post=3"}],"version-history":[{"count":4,"href":"https:\/\/www.chesprotocol.com\/de\/wp-json\/wp\/v2\/pages\/3\/revisions"}],"predecessor-version":[{"id":522,"href":"https:\/\/www.chesprotocol.com\/de\/wp-json\/wp\/v2\/pages\/3\/revisions\/522"}],"wp:attachment":[{"href":"https:\/\/www.chesprotocol.com\/de\/wp-json\/wp\/v2\/media?parent=3"}],"curies":[{"name":"wp","href":"https:\/\/api.w.org\/{rel}","templated":true}]}}